{"id":222,"date":"2025-10-16T15:02:54","date_gmt":"2025-10-16T14:02:54","guid":{"rendered":"https:\/\/shop.affinite.io\/affiliate-login\/"},"modified":"2025-10-19T06:41:09","modified_gmt":"2025-10-19T05:41:09","slug":"affiliate-login","status":"publish","type":"page","link":"https:\/\/shop.affinite.io\/cs\/affiliate-login\/","title":{"rendered":"Affiliate Login"},"content":{"rendered":"\n<section class=\"container banner-section\">\n<div class=\"container-inner banner-inner\">\n<h1 class=\"wp-block-heading\">Affiliate Login<\/h1>\n<\/div>\n<\/section>\n\n<section class=\"container section-container grey\">\n<div class=\"container-inner\">\t\t<div class=\"affinite-login\">\n\t\t\t<form id=\"affinite-login-form\" class=\"affinite-form\">\n\t\t\t\t<h2>Partnersk\u00e9 p\u0159ihl\u00e1\u0161en\u00ed<\/h2>\n\n\t\t\t\t<div class=\"form-group\">\n\t\t\t\t\t<label for=\"login_email\">E-mailov\u00e1 adresa<\/label>\n\t\t\t\t\t<input type=\"email\" id=\"login_email\" name=\"email\" required>\n\t\t\t\t<\/div>\n\n\t\t\t\t<div class=\"form-group\">\n\t\t\t\t\t<label for=\"login_password\">Heslo<\/label>\n\t\t\t\t\t<input type=\"password\" id=\"login_password\" name=\"password\" required>\n\t\t\t\t<\/div>\n\n\t\t\t\t<div class=\"form-group\">\n\t\t\t\t\t<button type=\"submit\" class=\"btn btn-primary\">\n\t\t\t\t\t\tP\u0159ihl\u00e1sit se\t\t\t\t\t<\/button>\n\t\t\t\t<\/div>\n\n\t\t\t\t<div class=\"form-footer\">\n\t\t\t\t\t<p>Nem\u00e1te \u00fa\u010det? <a href=\"https:\/\/shop.affinite.io\/affiliate-registration\/\">Zaregistrujte se zde<\/a><\/p>\n\t\t\t\t\t<p><a href=\"https:\/\/shop.affinite.io\/cs\/muj-ucet\/lost-password\/\">Zapomn\u011bli jste heslo?<\/a><\/p>\n\t\t\t\t<\/div>\n\t\t\t<\/form>\n\t\t<\/div>\n\t\t\n<\/div>\n<\/section>\n","protected":false},"excerpt":{"rendered":"","protected":false},"author":1,"featured_media":0,"parent":0,"menu_order":0,"comment_status":"closed","ping_status":"closed","template":"","meta":{"_acf_changed":false,"_uag_custom_page_level_css":"","footnotes":""},"class_list":["post-222","page","type-page","status-publish","hentry"],"acf":[],"uagb_featured_image_src":{"full":false,"thumbnail":false,"medium":false,"medium_large":false,"large":false,"1536x1536":false,"2048x2048":false,"archive-list":false,"woocommerce_thumbnail":false,"woocommerce_single":false,"woocommerce_gallery_thumbnail":false},"uagb_author_info":{"display_name":"Affinite","author_link":"https:\/\/shop.affinite.io\/cs\/author\/affinite\/"},"uagb_comment_info":0,"uagb_excerpt":null,"_links":{"self":[{"href":"https:\/\/shop.affinite.io\/cs\/wp-json\/wp\/v2\/pages\/222","targetHints":{"allow":["GET"]}}],"collection":[{"href":"https:\/\/shop.affinite.io\/cs\/wp-json\/wp\/v2\/pages"}],"about":[{"href":"https:\/\/shop.affinite.io\/cs\/wp-json\/wp\/v2\/types\/page"}],"author":[{"embeddable":true,"href":"https:\/\/shop.affinite.io\/cs\/wp-json\/wp\/v2\/users\/1"}],"replies":[{"embeddable":true,"href":"https:\/\/shop.affinite.io\/cs\/wp-json\/wp\/v2\/comments?post=222"}],"version-history":[{"count":1,"href":"https:\/\/shop.affinite.io\/cs\/wp-json\/wp\/v2\/pages\/222\/revisions"}],"predecessor-version":[{"id":223,"href":"https:\/\/shop.affinite.io\/cs\/wp-json\/wp\/v2\/pages\/222\/revisions\/223"}],"wp:attachment":[{"href":"https:\/\/shop.affinite.io\/cs\/wp-json\/wp\/v2\/media?parent=222"}],"curies":[{"name":"wp","href":"https:\/\/api.w.org\/{rel}","templated":true}]}}