{"id":118,"date":"2025-01-12T17:17:54","date_gmt":"2025-01-12T16:17:54","guid":{"rendered":"https:\/\/shop.affinite.io\/product\/seznam-rss-kanal\/"},"modified":"2025-12-28T11:03:18","modified_gmt":"2025-12-28T10:03:18","slug":"seznam-rss-kanal","status":"publish","type":"product","link":"https:\/\/shop.affinite.io\/cs\/produkt\/seznam-rss-kanal\/","title":{"rendered":"Seznam RSS kan\u00e1l"},"content":{"rendered":"\n<div style=\"height:60px\" aria-hidden=\"true\" class=\"wp-block-spacer\"><\/div>\n\n\n\n<div class=\"container-inner three-columns\">\n<div class=\"one-column\">\n<h2 class=\"wp-block-heading has-text-align-center\">Free Plugin<\/h2>\n\n\n\n<p class=\"has-text-align-center\">Tento plugin je zcela zdarma bez jak\u00fdchkoliv poplatk\u016f.<\/p>\n\n\n\n<p class=\"has-text-align-center\"><\/p>\n<\/div>\n\n\n\n<div class=\"one-column\">\n<h2 class=\"wp-block-heading has-text-align-center\">Aktualizace<\/h2>\n\n\n\n<p class=\"has-text-align-center\">Pokud jsou vyd\u00e1ny aktualizace, jsou k dispozici v administraci WordPressu.<\/p>\n<\/div>\n\n\n\n<div class=\"one-column\">\n<h2 class=\"wp-block-heading has-text-align-center\">Nastaven\u00ed<\/h2>\n\n\n\n<p class=\"has-text-align-center\">Z\u00e1suvn\u00fd modul nem\u00e1 \u017e\u00e1dn\u00e1 nastaven\u00ed a nijak nezpomaluje webov\u00e9 str\u00e1nky.<\/p>\n<\/div>\n<\/div>\n\n\n\n<div class=\"container-small product-content\">\n<h2 class=\"wp-block-heading has-text-align-left\">Instalace a nastaven\u00ed<\/h2>\n\n\n\n<p>Z\u00e1suvn\u00fd modul nevy\u017eaduje \u017e\u00e1dn\u00e9 nastaven\u00ed. St\u00e1hn\u011bte si instala\u010dn\u00ed soubor zip a po aktivaci pluginu se na adrese example.com\/seznamfeed.xml za\u010dne zobrazovat kan\u00e1l RSS obsahuj\u00edc\u00ed posledn\u00edch 20 \u010dl\u00e1nk\u016f.<\/p>\n\n\n\n<p><\/p>\n\n\n\n<h2 class=\"wp-block-heading\">Seznam zm\u011bn<\/h2>\n\n\n\n<p>1.0.0 &#8211; Plugin init<\/p>\n<\/div>\n","protected":false},"excerpt":{"rendered":"","protected":false},"featured_media":0,"comment_status":"open","ping_status":"closed","template":"","meta":{"_acf_changed":true,"_uag_custom_page_level_css":""},"product_brand":[],"product_cat":[36],"product_tag":[],"class_list":{"0":"post-118","1":"product","2":"type-product","3":"status-publish","5":"product_cat-wordpress-pluginy","7":"first","8":"instock","9":"sold-individually","10":"taxable","11":"shipping-taxable","12":"purchasable","13":"product-type-variable"},"acf":[],"uagb_featured_image_src":{"full":false,"thumbnail":false,"medium":false,"medium_large":false,"large":false,"1536x1536":false,"2048x2048":false,"archive-list":false,"woocommerce_thumbnail":false,"woocommerce_single":false,"woocommerce_gallery_thumbnail":false},"uagb_author_info":{"display_name":"Affinite","author_link":"https:\/\/shop.affinite.io\/cs\/author\/"},"uagb_comment_info":0,"uagb_excerpt":null,"_links":{"self":[{"href":"https:\/\/shop.affinite.io\/cs\/wp-json\/wp\/v2\/product\/118","targetHints":{"allow":["GET"]}}],"collection":[{"href":"https:\/\/shop.affinite.io\/cs\/wp-json\/wp\/v2\/product"}],"about":[{"href":"https:\/\/shop.affinite.io\/cs\/wp-json\/wp\/v2\/types\/product"}],"replies":[{"embeddable":true,"href":"https:\/\/shop.affinite.io\/cs\/wp-json\/wp\/v2\/comments?post=118"}],"wp:attachment":[{"href":"https:\/\/shop.affinite.io\/cs\/wp-json\/wp\/v2\/media?parent=118"}],"wp:term":[{"taxonomy":"product_brand","embeddable":true,"href":"https:\/\/shop.affinite.io\/cs\/wp-json\/wp\/v2\/product_brand?post=118"},{"taxonomy":"product_cat","embeddable":true,"href":"https:\/\/shop.affinite.io\/cs\/wp-json\/wp\/v2\/product_cat?post=118"},{"taxonomy":"product_tag","embeddable":true,"href":"https:\/\/shop.affinite.io\/cs\/wp-json\/wp\/v2\/product_tag?post=118"}],"curies":[{"name":"wp","href":"https:\/\/api.w.org\/{rel}","templated":true}]}}