{"id":122,"date":"2025-01-12T17:17:03","date_gmt":"2025-01-12T16:17:03","guid":{"rendered":"https:\/\/shop.affinite.io\/product\/schvaleni-objednavky\/"},"modified":"2025-02-19T05:29:54","modified_gmt":"2025-02-19T04:29:54","slug":"schvaleni-objednavky","status":"publish","type":"product","link":"https:\/\/shop.affinite.io\/cs\/produkt\/schvaleni-objednavky\/","title":{"rendered":"Schv\u00e1len\u00ed objedn\u00e1vky"},"content":{"rendered":"\n<div style=\"height:60px\" aria-hidden=\"true\" class=\"wp-block-spacer\"><\/div>\n\n<div class=\"container-inner three-columns\">\n<div class=\"one-column\">\n<h2 class=\"wp-block-heading has-text-align-center\">Objednejte dne, zapla\u0165te po schv\u00e1len\u00ed<\/h2>\n\n\n\n<p class=\"has-text-align-center\">Vytvo\u0159en\u00ed objedn\u00e1vky bez okam\u017eit\u00e9 platby Platba je vy\u017eadov\u00e1na a\u017e po kontrole a schv\u00e1len\u00ed va\u0161\u00ed objedn\u00e1vky e-shopem, co\u017e zaji\u0161\u0165uje bezprobl\u00e9mov\u00fd a bezpe\u010dn\u00fd proces transakce.<\/p>\n<\/div>\n\n\n\n<div class=\"one-column\">\n<h2 class=\"wp-block-heading has-text-align-center\">Ide\u00e1ln\u00ed pro v\u00fdrobky na m\u00edru<\/h2>\n\n\n\n<p class=\"has-text-align-center\">Tento plugin je ide\u00e1ln\u00ed pro produkty, kter\u00e9 vy\u017eaduj\u00ed potvrzen\u00ed dostupnosti nebo je t\u0159eba je p\u0159izp\u016fsobit podle konkr\u00e9tn\u00edch po\u017eadavk\u016f z\u00e1kazn\u00edka, jako jsou produkty na zak\u00e1zku nebo na m\u00edru.<\/p>\n<\/div>\n\n\n\n<div class=\"one-column\">\n<h2 class=\"wp-block-heading has-text-align-center\">Ov\u011b\u0159en\u00ed objedn\u00e1vky<\/h2>\n\n\n\n<p class=\"has-text-align-center\">Vyu\u017eijte upraven\u00fd n\u00e1kupn\u00ed proces, pomoc\u00ed integrovan\u00e9ho ov\u011b\u0159en\u00ed, kter\u00fd zaji\u0161\u0165uje p\u0159esnost a dostupnost v\u0161ech objedn\u00e1vek p\u0159ed platbou, \u010d\u00edm\u017e sni\u017euje chyby a zvy\u0161uje spokojenost z\u00e1kazn\u00edk\u016f.<\/p>\n<\/div>\n<\/div>\n\n<div class=\"container-small product-content\">\n<h2 class=\"wp-block-heading has-text-align-left\">Platebn\u00ed metoda bez nutnosti okam\u017eit\u00e9 platby<\/h2>\n\n\n\n<p>P\u0159edstavujeme odlo\u017eenou platebn\u00ed br\u00e1nu pro WooCommerce \u2013 flexibiln\u00ed platebn\u00ed \u0159e\u0161en\u00ed navr\u017een\u00e9 pro zefektivn\u011bn\u00ed procesu objedn\u00e1v\u00e1n\u00ed. Tento plugin umo\u017e\u0148uje z\u00e1kazn\u00edk\u016fm zad\u00e1vat objedn\u00e1vky bez okam\u017eit\u00e9 platby, p\u0159id\u00e1v\u00e1 ov\u011b\u0159en\u00ed objedn\u00e1vky p\u0159ed \u00fahradou. Ide\u00e1ln\u00ed pro produkty na m\u00edru, polo\u017eky s omezenou dostupnost\u00ed nebo jakoukoli situaci, kdy je t\u0159eba potvrdit detaily objedn\u00e1vky. Zvy\u0161te d\u016fv\u011bru a spokojenost z\u00e1kazn\u00edk\u016f t\u00edm, \u017ee umo\u017en\u00edte platbu a\u017e po schv\u00e1len\u00ed objedn\u00e1vky, co\u017e zaji\u0161\u0165uje plynul\u00fd a bezpe\u010dn\u00fd pr\u016fb\u011bh ka\u017ed\u00e9 transakce. Ide\u00e1ln\u00ed pro firmy, kter\u00e9 kl\u00e1dou d\u016fraz na zaji\u0161t\u011bn\u00ed kvality a vynikaj\u00edc\u00ed z\u00e1kaznick\u00fd servis.<br\/><\/p>\n<\/div>\n\n<div class=\"container-small product-content\">\n<h2 class=\"wp-block-heading\">Changelog<\/h2>\n\n\n\n<p>1.0.0 &#8211; Plugin init<\/p>\n<\/div>\n","protected":false},"excerpt":{"rendered":"","protected":false},"featured_media":0,"comment_status":"open","ping_status":"closed","template":"","meta":{"_acf_changed":true,"_uag_custom_page_level_css":""},"product_brand":[],"product_cat":[39,38],"product_tag":[],"class_list":{"0":"post-122","1":"product","2":"type-product","3":"status-publish","5":"product_cat-platebni-moduly","6":"product_cat-woocommerce-pluginy","8":"first","9":"instock","10":"taxable","11":"shipping-taxable","12":"purchasable","13":"product-type-variable"},"acf":[],"uagb_featured_image_src":{"full":false,"thumbnail":false,"medium":false,"medium_large":false,"large":false,"1536x1536":false,"2048x2048":false,"archive-list":false,"woocommerce_thumbnail":false,"woocommerce_single":false,"woocommerce_gallery_thumbnail":false},"uagb_author_info":{"display_name":"Affinite","author_link":"https:\/\/shop.affinite.io\/cs\/author\/"},"uagb_comment_info":0,"uagb_excerpt":null,"_links":{"self":[{"href":"https:\/\/shop.affinite.io\/cs\/wp-json\/wp\/v2\/product\/122","targetHints":{"allow":["GET"]}}],"collection":[{"href":"https:\/\/shop.affinite.io\/cs\/wp-json\/wp\/v2\/product"}],"about":[{"href":"https:\/\/shop.affinite.io\/cs\/wp-json\/wp\/v2\/types\/product"}],"replies":[{"embeddable":true,"href":"https:\/\/shop.affinite.io\/cs\/wp-json\/wp\/v2\/comments?post=122"}],"wp:attachment":[{"href":"https:\/\/shop.affinite.io\/cs\/wp-json\/wp\/v2\/media?parent=122"}],"wp:term":[{"taxonomy":"product_brand","embeddable":true,"href":"https:\/\/shop.affinite.io\/cs\/wp-json\/wp\/v2\/product_brand?post=122"},{"taxonomy":"product_cat","embeddable":true,"href":"https:\/\/shop.affinite.io\/cs\/wp-json\/wp\/v2\/product_cat?post=122"},{"taxonomy":"product_tag","embeddable":true,"href":"https:\/\/shop.affinite.io\/cs\/wp-json\/wp\/v2\/product_tag?post=122"}],"curies":[{"name":"wp","href":"https:\/\/api.w.org\/{rel}","templated":true}]}}