{"id":154,"date":"2025-08-26T05:58:05","date_gmt":"2025-08-26T04:58:05","guid":{"rendered":"https:\/\/shop.affinite.io\/?post_type=product&#038;p=154"},"modified":"2025-10-19T06:25:11","modified_gmt":"2025-10-19T05:25:11","slug":"comgate-pro-woocommerce","status":"publish","type":"product","link":"https:\/\/shop.affinite.io\/cs\/produkt\/comgate-pro-woocommerce\/","title":{"rendered":"Comgate pro WooCommerce"},"content":{"rendered":"\n<div style=\"height:60px\" aria-hidden=\"true\" class=\"wp-block-spacer\"><\/div>\n\n\n\n<div class=\"container-inner three-columns\">\n<div class=\"one-column\">\n<h2 class=\"wp-block-heading has-text-align-center\">HPOS support<\/h2>\n\n\n\n<p class=\"has-text-align-center\">Plugin podporuje High-performance order storage pro ukl\u00e1d\u00e1n\u00ed objedn\u00e1vek.<\/p>\n<\/div>\n\n\n\n<div class=\"one-column\">\n<h2 class=\"wp-block-heading has-text-align-center\">Blokov\u00e1 pokladna<\/h2>\n\n\n\n<p class=\"has-text-align-center\">Plugin Comgate je pln\u011b kompatibiln\u00ed s WooCommerce blokovou pokladnou<\/p>\n<\/div>\n\n\n\n<div class=\"one-column\">\n<h2 class=\"wp-block-heading has-text-align-center\">Platebn\u00ed karty<\/h2>\n\n\n\n<p class=\"has-text-align-center\">Velmi rychl\u00fd a snadn\u00e1 zp\u016fsob implementace platby kartou do e-shopu<\/p>\n<\/div>\n<\/div>\n\n\n\n<div class=\"container-small product-content\">\n<h2 class=\"wp-block-heading\">Kompletn\u00ed platebn\u00ed \u0159e\u0161en\u00ed pro v\u00e1\u0161 e-shop<\/h2>\n\n\n\n<p>Vysok\u00fd stupe\u0148 automatizace platebn\u00edho procesu umo\u017e\u0148uje plugin d\u00edky p\u0159\u00edm\u00e9mu propojen\u00ed s Comgate platebn\u00ed br\u00e1nou. Objedn\u00e1vky jsou automaticky ozna\u010deny jako zaplacen\u00e9 nebo zru\u0161en\u00e9 podle v\u00fdsledku platby. Nemus\u00edte kontrolovat, zda v\u00e1m z\u00e1kazn\u00edk ji\u017e zaplatil a zda mu m\u016f\u017eete odeslat zbo\u017e\u00ed.<\/p>\n\n\n\n<h2 class=\"wp-block-heading\"><strong>Podpora v\u0161ech platebn\u00edch metod<\/strong><\/h2>\n\n\n\n<p>Plugin podporuje v\u0161echny platebn\u00ed metody dostupn\u00e9 v Comgate &#8211; platby kartou, rychl\u00e9 bankovn\u00ed p\u0159evody i platby pomoc\u00ed QR k\u00f3du. Z\u00e1kazn\u00edci si mohou vybrat nejpohodln\u011bj\u0161\u00ed zp\u016fsob platby p\u0159\u00edmo v pokladn\u011b.<\/p>\n\n\n\n<h2 class=\"wp-block-heading\"><strong>Automatick\u00e1 synchronizace stav\u016f<\/strong> <\/h2>\n\n\n\n<p>Ka\u017ed\u00e1 platba je automaticky kontrolov\u00e1na a stav objedn\u00e1vky se aktualizuje podle v\u00fdsledku. \u00dasp\u011b\u0161n\u00e9 platby ozna\u010d\u00ed objedn\u00e1vku jako zaplacenou, ne\u00fasp\u011b\u0161n\u00e9 nebo zru\u0161en\u00e9 platby vr\u00e1t\u00ed objedn\u00e1vku do p\u016fvodn\u00edho stavu.<\/p>\n\n\n\n<h2 class=\"wp-block-heading\"><strong>V\u00edcejazy\u010dnost a v\u00edce m\u011bn<\/strong><\/h2>\n\n\n\n<p>Plugin je pln\u011b kompatibiln\u00ed s WPML a Polylang pro v\u00edcejazy\u010dn\u00e9 weby. Podporuje tak\u00e9 platby v r\u016fzn\u00fdch m\u011bn\u00e1ch podle nastaven\u00ed Comgate \u00fa\u010dtu.<\/p>\n\n\n\n<h2 class=\"wp-block-heading\"><strong>Snadn\u00e1 integrace<\/strong><\/h2>\n\n\n\n<p>Cel\u00fd proces nasazen\u00ed obvykle zabere jen p\u00e1r minut. Po instalaci sta\u010d\u00ed zadat p\u0159ihla\u0161ovac\u00ed \u00fadaje z Comgate \u00fa\u010dtu, zvolit aktivn\u00ed platebn\u00ed metody a p\u0159izp\u016fsobit chov\u00e1n\u00ed objedn\u00e1vek podle va\u0161ich pot\u0159eb.<\/p>\n\n\n\n<h2 class=\"wp-block-heading\"><strong>Nastaven\u00ed pluginu<\/strong><\/h2>\n\n\n\n<p>Nastaven\u00ed pluginu najdete v menu WooCommerce &#8211; Platby, sekce Comgate.<\/p>\n\n\n\n<ul class=\"wp-block-list has-white-color has-text-color has-link-color wp-elements-b59ef14486b512903a50b003ad3040da\">\n<li>Zad\u00e1te merchant ID a secret z Comgate \u00fa\u010dtu<\/li>\n\n\n\n<li>Zvol\u00edte aktivn\u00ed platebn\u00ed metody<\/li>\n\n\n\n<li>Nastav\u00edte chov\u00e1n\u00ed pro r\u016fzn\u00e9 typy produkt\u016f<\/li>\n\n\n\n<li>M\u016f\u017eete p\u0159izp\u016fsobit vzhled platebn\u00edch tla\u010d\u00edtek<\/li>\n\n\n\n<li>Nastav\u00edte testovac\u00ed nebo ostr\u00fd re\u017eim<\/li>\n<\/ul>\n\n\n\n<p><br><\/p>\n<\/div>\n\n\n\n<div class=\"container-small product-content\">\n<h2 class=\"wp-block-heading\">Changelog<\/h2>\n\n\n\n<p>1.0.0 &#8211; Vyd\u00e1n\u00ed pluginu<\/p>\n<\/div>\n","protected":false},"excerpt":{"rendered":"","protected":false},"featured_media":0,"comment_status":"closed","ping_status":"closed","template":"","meta":{"_acf_changed":true,"_uag_custom_page_level_css":""},"product_brand":[],"product_cat":[39,38],"product_tag":[],"class_list":{"0":"post-154","1":"product","2":"type-product","3":"status-publish","5":"product_cat-platebni-moduly","6":"product_cat-woocommerce-pluginy","8":"first","9":"instock","10":"taxable","11":"shipping-taxable","12":"purchasable","13":"product-type-variable"},"acf":[],"uagb_featured_image_src":{"full":false,"thumbnail":false,"medium":false,"medium_large":false,"large":false,"1536x1536":false,"2048x2048":false,"archive-list":false,"woocommerce_thumbnail":false,"woocommerce_single":false,"woocommerce_gallery_thumbnail":false},"uagb_author_info":{"display_name":"Affinite","author_link":"https:\/\/shop.affinite.io\/cs\/author\/"},"uagb_comment_info":0,"uagb_excerpt":null,"_links":{"self":[{"href":"https:\/\/shop.affinite.io\/cs\/wp-json\/wp\/v2\/product\/154","targetHints":{"allow":["GET"]}}],"collection":[{"href":"https:\/\/shop.affinite.io\/cs\/wp-json\/wp\/v2\/product"}],"about":[{"href":"https:\/\/shop.affinite.io\/cs\/wp-json\/wp\/v2\/types\/product"}],"replies":[{"embeddable":true,"href":"https:\/\/shop.affinite.io\/cs\/wp-json\/wp\/v2\/comments?post=154"}],"wp:attachment":[{"href":"https:\/\/shop.affinite.io\/cs\/wp-json\/wp\/v2\/media?parent=154"}],"wp:term":[{"taxonomy":"product_brand","embeddable":true,"href":"https:\/\/shop.affinite.io\/cs\/wp-json\/wp\/v2\/product_brand?post=154"},{"taxonomy":"product_cat","embeddable":true,"href":"https:\/\/shop.affinite.io\/cs\/wp-json\/wp\/v2\/product_cat?post=154"},{"taxonomy":"product_tag","embeddable":true,"href":"https:\/\/shop.affinite.io\/cs\/wp-json\/wp\/v2\/product_tag?post=154"}],"curies":[{"name":"wp","href":"https:\/\/api.w.org\/{rel}","templated":true}]}}